{"id":156,"date":"2021-04-14T15:58:45","date_gmt":"2021-04-14T15:58:45","guid":{"rendered":"http:\/\/grubywkrzakach.pl\/?page_id=156"},"modified":"2023-01-30T11:48:29","modified_gmt":"2023-01-30T11:48:29","slug":"kontakt","status":"publish","type":"page","link":"https:\/\/grubywkrzakach.pl\/index.php\/kontakt\/","title":{"rendered":"Kontakt"},"content":{"rendered":"\n<p>Je\u015bli masz pytania pisz \u015bmia\u0142o na podany poni\u017cej adres e-mail, lub kontaktuj si\u0119 za pomoc\u0105 aplikacji <strong>Messenger<\/strong>, kt\u00f3rej ikonk\u0119 widzisz w prawym dolnym rogu ekranu. Lub pisz do mnie za pomoc\u0105 aplikacji <strong>Signal <\/strong>pod numerem telefonu <strong>793 103 673<\/strong>. Mo\u017cesz tak\u017ce dzwoni\u0107 pod podany numer! <\/p>\n\n\n\n<p><a href=\"mailto:p.stelmach@outlook.com\"><strong>mail: <\/strong>p.stelmach@outlook.com<\/a><\/p>\n","protected":false},"excerpt":{"rendered":"<p>Je\u015bli masz pytania pisz \u015bmia\u0142o na podany poni\u017cej adres e-mail, lub kontaktuj si\u0119 za pomoc\u0105 aplikacji Messenger, kt\u00f3rej ikonk\u0119 widzisz w prawym dolnym rogu ekranu. Lub pisz do mnie za pomoc\u0105 aplikacji Signal pod numerem telefonu 793 103 673. Mo\u017cesz tak\u017ce dzwoni\u0107 pod podany numer! mail: p.stelmach@outlook.com<\/p>\n","protected":false},"author":1,"featured_media":0,"parent":0,"menu_order":0,"comment_status":"closed","ping_status":"closed","template":"","meta":{"_acf_changed":false,"footnotes":""},"acf":[],"yoast_head":"<!-- This site is optimized with the Yoast SEO plugin v24.5 - https:\/\/yoast.com\/wordpress\/plugins\/seo\/ -->\n<title>Kontakt : Gruby w krzakach<\/title>\n<meta name=\"description\" content=\"Bushcraft, Outdoor, Survival. Szkolenia ze sztuki przetrwania. Blog Osobisty\" \/>\n<meta name=\"robots\" content=\"index, follow, max-snippet:-1, max-image-preview:large, max-video-preview:-1\" \/>\n<link rel=\"canonical\" href=\"https:\/\/grubywkrzakach.pl\/index.php\/kontakt\/\" \/>\n<meta property=\"og:locale\" content=\"pl_PL\" \/>\n<meta property=\"og:type\" content=\"article\" \/>\n<meta property=\"og:title\" content=\"Kontakt : Gruby w krzakach\" \/>\n<meta property=\"og:description\" content=\"Bushcraft, Outdoor, Survival. Szkolenia ze sztuki przetrwania. Blog Osobisty\" \/>\n<meta property=\"og:url\" content=\"https:\/\/grubywkrzakach.pl\/index.php\/kontakt\/\" \/>\n<meta property=\"og:site_name\" content=\"Gruby w krzakach\" \/>\n<meta property=\"article:modified_time\" content=\"2023-01-30T11:48:29+00:00\" \/>\n<meta property=\"og:image\" content=\"https:\/\/grubywkrzakach.pl\/wp-content\/uploads\/2021\/04\/7220.png\" \/>\n\t<meta property=\"og:image:width\" content=\"720\" \/>\n\t<meta property=\"og:image:height\" content=\"385\" \/>\n\t<meta property=\"og:image:type\" content=\"image\/png\" \/>\n<meta name=\"twitter:card\" content=\"summary_large_image\" \/>\n<meta name=\"twitter:label1\" content=\"Szacowany czas czytania\" \/>\n\t<meta name=\"twitter:data1\" content=\"1 minuta\" \/>\n<script type=\"application\/ld+json\" class=\"yoast-schema-graph\">{\"@context\":\"https:\/\/schema.org\",\"@graph\":[{\"@type\":\"WebPage\",\"@id\":\"https:\/\/grubywkrzakach.pl\/index.php\/kontakt\/\",\"url\":\"https:\/\/grubywkrzakach.pl\/index.php\/kontakt\/\",\"name\":\"Kontakt : Gruby w krzakach\",\"isPartOf\":{\"@id\":\"http:\/\/grubywkrzakach.pl\/#website\"},\"datePublished\":\"2021-04-14T15:58:45+00:00\",\"dateModified\":\"2023-01-30T11:48:29+00:00\",\"description\":\"Bushcraft, Outdoor, Survival. Szkolenia ze sztuki przetrwania. Blog Osobisty\",\"breadcrumb\":{\"@id\":\"https:\/\/grubywkrzakach.pl\/index.php\/kontakt\/#breadcrumb\"},\"inLanguage\":\"pl-PL\",\"potentialAction\":[{\"@type\":\"ReadAction\",\"target\":[\"https:\/\/grubywkrzakach.pl\/index.php\/kontakt\/\"]}]},{\"@type\":\"BreadcrumbList\",\"@id\":\"https:\/\/grubywkrzakach.pl\/index.php\/kontakt\/#breadcrumb\",\"itemListElement\":[{\"@type\":\"ListItem\",\"position\":1,\"name\":\"Strona g\u0142\u00f3wna\",\"item\":\"http:\/\/grubywkrzakach.pl\/\"},{\"@type\":\"ListItem\",\"position\":2,\"name\":\"Kontakt\"}]},{\"@type\":\"WebSite\",\"@id\":\"http:\/\/grubywkrzakach.pl\/#website\",\"url\":\"http:\/\/grubywkrzakach.pl\/\",\"name\":\"Gruby w krzakach\",\"description\":\"Bushcraft, outdoor, survival\",\"publisher\":{\"@id\":\"http:\/\/grubywkrzakach.pl\/#\/schema\/person\/360055198e757c19c693949955160285\"},\"potentialAction\":[{\"@type\":\"SearchAction\",\"target\":{\"@type\":\"EntryPoint\",\"urlTemplate\":\"http:\/\/grubywkrzakach.pl\/?s={search_term_string}\"},\"query-input\":{\"@type\":\"PropertyValueSpecification\",\"valueRequired\":true,\"valueName\":\"search_term_string\"}}],\"inLanguage\":\"pl-PL\"},{\"@type\":[\"Person\",\"Organization\"],\"@id\":\"http:\/\/grubywkrzakach.pl\/#\/schema\/person\/360055198e757c19c693949955160285\",\"name\":\"Piotr Stelmach\",\"image\":{\"@type\":\"ImageObject\",\"inLanguage\":\"pl-PL\",\"@id\":\"http:\/\/grubywkrzakach.pl\/#\/schema\/person\/image\/\",\"url\":\"http:\/\/grubywkrzakach.pl\/wp-content\/uploads\/2021\/05\/MG_4170.jpg\",\"contentUrl\":\"http:\/\/grubywkrzakach.pl\/wp-content\/uploads\/2021\/05\/MG_4170.jpg\",\"width\":1558,\"height\":1052,\"caption\":\"Piotr Stelmach\"},\"logo\":{\"@id\":\"http:\/\/grubywkrzakach.pl\/#\/schema\/person\/image\/\"},\"description\":\"Odwied\u017a moje media spo\u0142eczno\u015bciowe!\",\"sameAs\":[\"http:\/\/grubywkrzakach.pl\"]}]}<\/script>\n<!-- \/ Yoast SEO plugin. -->","yoast_head_json":{"title":"Kontakt : Gruby w krzakach","description":"Bushcraft, Outdoor, Survival. Szkolenia ze sztuki przetrwania. Blog Osobisty","robots":{"index":"index","follow":"follow","max-snippet":"max-snippet:-1","max-image-preview":"max-image-preview:large","max-video-preview":"max-video-preview:-1"},"canonical":"https:\/\/grubywkrzakach.pl\/index.php\/kontakt\/","og_locale":"pl_PL","og_type":"article","og_title":"Kontakt : Gruby w krzakach","og_description":"Bushcraft, Outdoor, Survival. Szkolenia ze sztuki przetrwania. Blog Osobisty","og_url":"https:\/\/grubywkrzakach.pl\/index.php\/kontakt\/","og_site_name":"Gruby w krzakach","article_modified_time":"2023-01-30T11:48:29+00:00","og_image":[{"width":720,"height":385,"url":"https:\/\/grubywkrzakach.pl\/wp-content\/uploads\/2021\/04\/7220.png","type":"image\/png"}],"twitter_card":"summary_large_image","twitter_misc":{"Szacowany czas czytania":"1 minuta"},"schema":{"@context":"https:\/\/schema.org","@graph":[{"@type":"WebPage","@id":"https:\/\/grubywkrzakach.pl\/index.php\/kontakt\/","url":"https:\/\/grubywkrzakach.pl\/index.php\/kontakt\/","name":"Kontakt : Gruby w krzakach","isPartOf":{"@id":"http:\/\/grubywkrzakach.pl\/#website"},"datePublished":"2021-04-14T15:58:45+00:00","dateModified":"2023-01-30T11:48:29+00:00","description":"Bushcraft, Outdoor, Survival. Szkolenia ze sztuki przetrwania. Blog Osobisty","breadcrumb":{"@id":"https:\/\/grubywkrzakach.pl\/index.php\/kontakt\/#breadcrumb"},"inLanguage":"pl-PL","potentialAction":[{"@type":"ReadAction","target":["https:\/\/grubywkrzakach.pl\/index.php\/kontakt\/"]}]},{"@type":"BreadcrumbList","@id":"https:\/\/grubywkrzakach.pl\/index.php\/kontakt\/#breadcrumb","itemListElement":[{"@type":"ListItem","position":1,"name":"Strona g\u0142\u00f3wna","item":"http:\/\/grubywkrzakach.pl\/"},{"@type":"ListItem","position":2,"name":"Kontakt"}]},{"@type":"WebSite","@id":"http:\/\/grubywkrzakach.pl\/#website","url":"http:\/\/grubywkrzakach.pl\/","name":"Gruby w krzakach","description":"Bushcraft, outdoor, survival","publisher":{"@id":"http:\/\/grubywkrzakach.pl\/#\/schema\/person\/360055198e757c19c693949955160285"},"potentialAction":[{"@type":"SearchAction","target":{"@type":"EntryPoint","urlTemplate":"http:\/\/grubywkrzakach.pl\/?s={search_term_string}"},"query-input":{"@type":"PropertyValueSpecification","valueRequired":true,"valueName":"search_term_string"}}],"inLanguage":"pl-PL"},{"@type":["Person","Organization"],"@id":"http:\/\/grubywkrzakach.pl\/#\/schema\/person\/360055198e757c19c693949955160285","name":"Piotr Stelmach","image":{"@type":"ImageObject","inLanguage":"pl-PL","@id":"http:\/\/grubywkrzakach.pl\/#\/schema\/person\/image\/","url":"http:\/\/grubywkrzakach.pl\/wp-content\/uploads\/2021\/05\/MG_4170.jpg","contentUrl":"http:\/\/grubywkrzakach.pl\/wp-content\/uploads\/2021\/05\/MG_4170.jpg","width":1558,"height":1052,"caption":"Piotr Stelmach"},"logo":{"@id":"http:\/\/grubywkrzakach.pl\/#\/schema\/person\/image\/"},"description":"Odwied\u017a moje media spo\u0142eczno\u015bciowe!","sameAs":["http:\/\/grubywkrzakach.pl"]}]}},"_links":{"self":[{"href":"https:\/\/grubywkrzakach.pl\/index.php\/wp-json\/wp\/v2\/pages\/156"}],"collection":[{"href":"https:\/\/grubywkrzakach.pl\/index.php\/wp-json\/wp\/v2\/pages"}],"about":[{"href":"https:\/\/grubywkrzakach.pl\/index.php\/wp-json\/wp\/v2\/types\/page"}],"author":[{"embeddable":true,"href":"https:\/\/grubywkrzakach.pl\/index.php\/wp-json\/wp\/v2\/users\/1"}],"replies":[{"embeddable":true,"href":"https:\/\/grubywkrzakach.pl\/index.php\/wp-json\/wp\/v2\/comments?post=156"}],"version-history":[{"count":6,"href":"https:\/\/grubywkrzakach.pl\/index.php\/wp-json\/wp\/v2\/pages\/156\/revisions"}],"predecessor-version":[{"id":522,"href":"https:\/\/grubywkrzakach.pl\/index.php\/wp-json\/wp\/v2\/pages\/156\/revisions\/522"}],"wp:attachment":[{"href":"https:\/\/grubywkrzakach.pl\/index.php\/wp-json\/wp\/v2\/media?parent=156"}],"curies":[{"name":"wp","href":"https:\/\/api.w.org\/{rel}","templated":true}]}}